{"id":78,"date":"2025-05-07T10:46:35","date_gmt":"2025-05-07T10:46:35","guid":{"rendered":"https:\/\/aribautenschutz.de\/?page_id=78"},"modified":"2025-05-08T07:12:38","modified_gmt":"2025-05-08T07:12:38","slug":"kontakt","status":"publish","type":"page","link":"https:\/\/aribautenschutz.de\/index.php\/kontakt\/","title":{"rendered":"Kontakt"},"content":{"rendered":"<p>[et_pb_section fb_built=&#8220;1&#8243; admin_label=&#8220;Header&#8220; _builder_version=&#8220;4.27.4&#8243; use_background_color_gradient=&#8220;on&#8220; background_color_gradient_type=&#8220;circular&#8220; background_color_gradient_direction_radial=&#8220;top left&#8220; background_color_gradient_stops=&#8220;rgba(255,255,255,0.89) 30%|rgba(255,255,255,0) 80%&#8220; background_color_gradient_overlays_image=&#8220;on&#8220; background_color_gradient_start=&#8220;rgba(255,255,255,0.89)&#8220; background_color_gradient_start_position=&#8220;30%&#8220; background_color_gradient_end=&#8220;rgba(255,255,255,0)&#8220; background_color_gradient_end_position=&#8220;80%&#8220; background_image=&#8220;https:\/\/aribautenschutz.de\/wp-content\/uploads\/2025\/05\/AdobeStock_142311685.webp&#8220; custom_padding=&#8220;8vw|0px|0|0px|false|false&#8220; hover_enabled=&#8220;0&#8243; locked=&#8220;off&#8220; global_colors_info=&#8220;{}&#8220; title_text=&#8220;AdobeStock_142311685&#8243; sticky_enabled=&#8220;0&#8243;][et_pb_row _builder_version=&#8220;4.16&#8243; global_colors_info=&#8220;{}&#8220;][et_pb_column type=&#8220;4_4&#8243; _builder_version=&#8220;4.16&#8243; custom_padding=&#8220;|||&#8220; global_colors_info=&#8220;{}&#8220; custom_padding__hover=&#8220;|||&#8220;][et_pb_text _builder_version=&#8220;4.16&#8243; text_font=&#8220;||||||||&#8220; header_font=&#8220;Raleway|700|||||||&#8220; header_font_size=&#8220;80px&#8220; header_line_height=&#8220;1.2em&#8220; header_5_font=&#8220;Raleway|700||on|||||&#8220; header_5_text_color=&#8220;#000000&#8243; header_5_font_size=&#8220;20px&#8220; header_5_letter_spacing=&#8220;0.5em&#8220; header_5_line_height=&#8220;1.8em&#8220; animation_style=&#8220;zoom&#8220; animation_intensity_zoom=&#8220;5%&#8220; header_font_size_tablet=&#8220;48px&#8220; header_font_size_phone=&#8220;32px&#8220; header_font_size_last_edited=&#8220;on|phone&#8220; header_5_font_size_tablet=&#8220;14px&#8220; header_5_font_size_phone=&#8220;12px&#8220; header_5_font_size_last_edited=&#8220;on|desktop&#8220; global_colors_info=&#8220;{}&#8220;]<\/p>\n<h5>wir sind f\u00fcr sie da<\/h5>\n<h1>Kontakt aufnehmen<\/h1>\n<p>[\/et_pb_text][\/et_pb_column][\/et_pb_row][et_pb_row column_structure=&#8220;1_4,1_4,1_4,1_4&#8243; use_custom_gutter=&#8220;on&#8220; make_equal=&#8220;on&#8220; custom_padding_last_edited=&#8220;on|desktop&#8220; _builder_version=&#8220;4.16&#8243; background_color=&#8220;#ffffff&#8220; width=&#8220;90%&#8220; max_width=&#8220;90%&#8220; module_alignment=&#8220;left&#8220; custom_margin=&#8220;8vw||||false&#8220; custom_padding=&#8220;0|0px|0px|15vw|false|false&#8220; custom_padding_tablet=&#8220;|||10vw&#8220; custom_padding_phone=&#8220;&#8220; animation_style=&#8220;slide&#8220; animation_direction=&#8220;left&#8220; animation_intensity_slide=&#8220;5%&#8220; use_custom_width=&#8220;on&#8220; width_unit=&#8220;off&#8220; custom_width_percent=&#8220;90%&#8220; locked=&#8220;off&#8220; global_colors_info=&#8220;{}&#8220;][et_pb_column type=&#8220;1_4&#8243; _builder_version=&#8220;4.16&#8243; custom_padding=&#8220;74px|||&#8220; custom_padding_tablet=&#8220;40px|||&#8220; custom_padding_phone=&#8220;20px|||&#8220; custom_padding_last_edited=&#8220;off|desktop&#8220; global_colors_info=&#8220;{}&#8220; padding_phone=&#8220;20px|||&#8220; padding_tablet=&#8220;40px|||&#8220; padding_last_edited=&#8220;off|desktop&#8220; custom_padding__hover=&#8220;|||&#8220;][et_pb_blurb title=&#8220;+49 176 68688304&#8243; use_icon=&#8220;on&#8220; font_icon=&#8220;&#xf879;||fa||900&#8243; icon_color=&#8220;#c3cfd6&#8243; icon_placement=&#8220;left&#8220; image_icon_width=&#8220;24px&#8220; _builder_version=&#8220;4.27.4&#8243; header_level=&#8220;h5&#8243; header_font=&#8220;Raleway|700|||||||&#8220; header_line_height=&#8220;1.4em&#8220; icon_font_size=&#8220;24px&#8220; global_colors_info=&#8220;{}&#8220;][\/et_pb_blurb][\/et_pb_column][et_pb_column type=&#8220;1_4&#8243; _builder_version=&#8220;4.16&#8243; custom_padding=&#8220;74px|||&#8220; custom_padding_tablet=&#8220;40px|||&#8220; custom_padding_phone=&#8220;20px|||&#8220; custom_padding_last_edited=&#8220;off|desktop&#8220; global_colors_info=&#8220;{}&#8220; padding_phone=&#8220;20px|||&#8220; padding_tablet=&#8220;40px|||&#8220; padding_last_edited=&#8220;off|desktop&#8220; custom_padding__hover=&#8220;|||&#8220;][et_pb_blurb title=&#8220;info@aribautenschutz.de&#8220; use_icon=&#8220;on&#8220; font_icon=&#8220;&#xe076;||divi||400&#8243; icon_color=&#8220;#c3cfd6&#8243; icon_placement=&#8220;left&#8220; image_icon_width=&#8220;24px&#8220; _builder_version=&#8220;4.27.4&#8243; header_level=&#8220;h5&#8243; header_font=&#8220;Raleway|700|||||||&#8220; header_line_height=&#8220;1.4em&#8220; icon_font_size=&#8220;24px&#8220; global_colors_info=&#8220;{}&#8220;][\/et_pb_blurb][\/et_pb_column][et_pb_column type=&#8220;1_4&#8243; _builder_version=&#8220;4.16&#8243; custom_padding=&#8220;74px|||&#8220; custom_padding_tablet=&#8220;40px|||&#8220; custom_padding_phone=&#8220;20px|||&#8220; custom_padding_last_edited=&#8220;off|desktop&#8220; global_colors_info=&#8220;{}&#8220; padding_phone=&#8220;20px|||&#8220; padding_tablet=&#8220;40px|||&#8220; padding_last_edited=&#8220;off|desktop&#8220; custom_padding__hover=&#8220;|||&#8220;][et_pb_blurb title=&#8220;Bachstra\u00dfe 3, 82291 Mammendorf&#8220; use_icon=&#8220;on&#8220; font_icon=&#8220;&#xe081;||divi||400&#8243; icon_color=&#8220;#c3cfd6&#8243; icon_placement=&#8220;left&#8220; image_icon_width=&#8220;24px&#8220; _builder_version=&#8220;4.27.4&#8243; header_level=&#8220;h5&#8243; header_font=&#8220;Raleway|700|||||||&#8220; header_line_height=&#8220;1.4em&#8220; icon_font_size=&#8220;24px&#8220; global_colors_info=&#8220;{}&#8220;][\/et_pb_blurb][\/et_pb_column][et_pb_column type=&#8220;1_4&#8243; _builder_version=&#8220;4.16&#8243; background_color=&#8220;#b2b9c4&#8243; custom_padding=&#8220;|||&#8220; custom_padding_tablet=&#8220;20px||20px||true&#8220; custom_padding_last_edited=&#8220;off|desktop&#8220; global_colors_info=&#8220;{}&#8220; padding_tablet=&#8220;20px||20px||true&#8220; padding_last_edited=&#8220;off|desktop&#8220; custom_padding__hover=&#8220;|||&#8220;][\/et_pb_column][\/et_pb_row][\/et_pb_section][et_pb_section fb_built=&#8220;1&#8243; admin_label=&#8220;Driving Directions&#8220; _builder_version=&#8220;4.16&#8243; global_colors_info=&#8220;{}&#8220;][et_pb_row column_structure=&#8220;1_2,1_2&#8243; _builder_version=&#8220;4.16&#8243; global_colors_info=&#8220;{}&#8220;][et_pb_column type=&#8220;1_2&#8243; _builder_version=&#8220;4.16&#8243; custom_padding=&#8220;|||&#8220; global_colors_info=&#8220;{}&#8220; custom_padding__hover=&#8220;|||&#8220;][et_pb_text _builder_version=&#8220;4.16&#8243; text_font=&#8220;||||||||&#8220; text_font_size=&#8220;16px&#8220; text_line_height=&#8220;2em&#8220; header_font=&#8220;||||||||&#8220; header_2_font=&#8220;Raleway|700|||||||&#8220; header_2_font_size=&#8220;50px&#8220; header_2_line_height=&#8220;1.4em&#8220; header_6_font=&#8220;Raleway|700||on|||||&#8220; header_6_font_size=&#8220;16px&#8220; header_6_letter_spacing=&#8220;5px&#8220; header_6_line_height=&#8220;1.8em&#8220; max_width=&#8220;700px&#8220; module_alignment=&#8220;center&#8220; header_2_font_size_tablet=&#8220;35px&#8220; header_2_font_size_phone=&#8220;25px&#8220; header_2_font_size_last_edited=&#8220;on|phone&#8220; global_colors_info=&#8220;{}&#8220;]<\/p>\n<h6>Alles, was wir f\u00fcr SIE TUN K\u00d6NNEN<\/h6>\n<h2>Unsere Leistungen im \u00dcberblick<\/h2>\n<p>[\/et_pb_text][\/et_pb_column][et_pb_column type=&#8220;1_2&#8243; _builder_version=&#8220;4.16&#8243; custom_padding=&#8220;|||&#8220; global_colors_info=&#8220;{}&#8220; custom_padding__hover=&#8220;|||&#8220;][\/et_pb_column][\/et_pb_row][et_pb_row column_structure=&#8220;1_2,1_2&#8243; _builder_version=&#8220;4.16&#8243; global_colors_info=&#8220;{}&#8220;][et_pb_column type=&#8220;1_2&#8243; _builder_version=&#8220;4.16&#8243; custom_padding=&#8220;|||&#8220; global_colors_info=&#8220;{}&#8220; custom_padding__hover=&#8220;|||&#8220;][et_pb_text _builder_version=&#8220;4.16&#8243; text_font=&#8220;||||||||&#8220; ul_font=&#8220;||||||||&#8220; ul_line_height=&#8220;2em&#8220; header_font=&#8220;||||||||&#8220; header_5_font=&#8220;Raleway|700|||||||&#8220; header_5_font_size=&#8220;20px&#8220; header_5_line_height=&#8220;1.4em&#8220; custom_padding=&#8220;40px|40px|40px|40px|true|true&#8220; header_5_font_size_tablet=&#8220;35px&#8220; header_5_font_size_phone=&#8220;25px&#8220; header_5_font_size_last_edited=&#8220;on|phone&#8220; border_width_all=&#8220;2px&#8220; border_color_all=&#8220;#f5f5f5&#8243; global_colors_info=&#8220;{}&#8220;]<\/p>\n<h5>Sanierung &amp; Instandhaltung<\/h5>\n<ul>\n<li data-start=\"489\" data-end=\"516\" class=\"\">\n<p data-start=\"491\" data-end=\"516\" class=\"\">Sanierung von Altbauten<\/p>\n<\/li>\n<li data-start=\"517\" data-end=\"548\" class=\"\">\n<p data-start=\"519\" data-end=\"548\" class=\"\">Instandhaltung von Geb\u00e4uden<\/p>\n<\/li>\n<li data-start=\"549\" data-end=\"582\" class=\"\">\n<p data-start=\"551\" data-end=\"582\" class=\"\">Instandsetzung von Bausch\u00e4den<\/p>\n<\/li>\n<li data-start=\"583\" data-end=\"620\" class=\"\">\n<p data-start=\"585\" data-end=\"620\" class=\"\">Substanzerhalt und Modernisierung<\/p>\n<\/li>\n<li data-start=\"621\" data-end=\"665\" class=\"\">\n<p data-start=\"623\" data-end=\"665\" class=\"\">Reparatur von Rissen, Putz und Mauerwerk<\/p>\n<\/li>\n<li data-start=\"666\" data-end=\"711\" class=\"\">\n<p data-start=\"668\" data-end=\"711\" class=\"\">Vorbereitung f\u00fcr energetische Sanierungen<\/p>\n<\/li>\n<\/ul>\n<ul><\/ul>\n<p>[\/et_pb_text][\/et_pb_column][et_pb_column type=&#8220;1_2&#8243; _builder_version=&#8220;4.16&#8243; custom_padding=&#8220;|||&#8220; global_colors_info=&#8220;{}&#8220; custom_padding__hover=&#8220;|||&#8220;][et_pb_text _builder_version=&#8220;4.16&#8243; text_font=&#8220;||||||||&#8220; ul_font=&#8220;||||||||&#8220; ul_line_height=&#8220;2em&#8220; header_font=&#8220;||||||||&#8220; header_5_font=&#8220;Raleway|700|||||||&#8220; header_5_font_size=&#8220;20px&#8220; header_5_line_height=&#8220;1.4em&#8220; custom_padding=&#8220;40px|40px|40px|40px|true|true&#8220; header_5_font_size_tablet=&#8220;35px&#8220; header_5_font_size_phone=&#8220;25px&#8220; header_5_font_size_last_edited=&#8220;on|phone&#8220; border_width_all=&#8220;2px&#8220; border_color_all=&#8220;#f5f5f5&#8243; global_colors_info=&#8220;{}&#8220;]<\/p>\n<h5>Abdichtungsarbeiten<\/h5>\n<ul>\n<li data-start=\"744\" data-end=\"780\" class=\"\">\n<p data-start=\"746\" data-end=\"780\" class=\"\">Kellerabdichtung innen und au\u00dfen<\/p>\n<\/li>\n<li data-start=\"781\" data-end=\"812\" class=\"\">\n<p data-start=\"783\" data-end=\"812\" class=\"\">Abdichtung von Bodenplatten<\/p>\n<\/li>\n<li data-start=\"813\" data-end=\"848\" class=\"\">\n<p data-start=\"815\" data-end=\"848\" class=\"\">Balkone und Terrassen abdichten<\/p>\n<\/li>\n<li data-start=\"849\" data-end=\"902\" class=\"\">\n<p data-start=\"851\" data-end=\"902\" class=\"\">Horizontalsperren gegen aufsteigende Feuchtigkeit<\/p>\n<\/li>\n<li data-start=\"903\" data-end=\"926\" class=\"\">\n<p data-start=\"905\" data-end=\"926\" class=\"\">Schleierinjektionen<\/p>\n<\/li>\n<li data-start=\"927\" data-end=\"961\" class=\"\">\n<p data-start=\"929\" data-end=\"961\" class=\"\">Abdichtung von Wandanschl\u00fcssen<\/p>\n<\/li>\n<\/ul>\n<p>[\/et_pb_text][\/et_pb_column][\/et_pb_row][et_pb_row column_structure=&#8220;1_2,1_2&#8243; _builder_version=&#8220;4.16&#8243; global_colors_info=&#8220;{}&#8220;][et_pb_column type=&#8220;1_2&#8243; _builder_version=&#8220;4.16&#8243; custom_padding=&#8220;|||&#8220; global_colors_info=&#8220;{}&#8220; custom_padding__hover=&#8220;|||&#8220;][et_pb_text _builder_version=&#8220;4.16&#8243; text_font=&#8220;||||||||&#8220; ul_font=&#8220;||||||||&#8220; ul_line_height=&#8220;2em&#8220; header_font=&#8220;||||||||&#8220; header_5_font=&#8220;Raleway|700|||||||&#8220; header_5_font_size=&#8220;20px&#8220; header_5_line_height=&#8220;1.4em&#8220; custom_padding=&#8220;40px|40px|40px|40px|true|true&#8220; header_5_font_size_tablet=&#8220;35px&#8220; header_5_font_size_phone=&#8220;25px&#8220; header_5_font_size_last_edited=&#8220;on|phone&#8220; border_width_all=&#8220;2px&#8220; border_color_all=&#8220;#f5f5f5&#8243; global_colors_info=&#8220;{}&#8220;]<\/p>\n<h5>Betonsanierung &amp; Rissverpressung<\/h5>\n<p>&nbsp;<\/p>\n<ul>\n<li data-start=\"1007\" data-end=\"1044\" class=\"\">\n<p data-start=\"1009\" data-end=\"1044\" class=\"\">Rissverpressung mit PU-\/EP-Harzen<\/p>\n<\/li>\n<li data-start=\"1045\" data-end=\"1080\" class=\"\">\n<p data-start=\"1047\" data-end=\"1080\" class=\"\">Betonsanierung bei Abplatzungen<\/p>\n<\/li>\n<li data-start=\"1081\" data-end=\"1115\" class=\"\">\n<p data-start=\"1083\" data-end=\"1115\" class=\"\">Korrosionsschutz der Bewehrung<\/p>\n<\/li>\n<li data-start=\"1116\" data-end=\"1151\" class=\"\">\n<p data-start=\"1118\" data-end=\"1151\" class=\"\">Reprofilierung von Betonfl\u00e4chen<\/p>\n<\/li>\n<li data-start=\"1152\" data-end=\"1189\" class=\"\">\n<p data-start=\"1154\" data-end=\"1189\" class=\"\">Stabilisierung tragender Bauteile<\/p>\n<\/li>\n<\/ul>\n<p>[\/et_pb_text][\/et_pb_column][et_pb_column type=&#8220;1_2&#8243; _builder_version=&#8220;4.16&#8243; custom_padding=&#8220;|||&#8220; global_colors_info=&#8220;{}&#8220; custom_padding__hover=&#8220;|||&#8220;][et_pb_text _builder_version=&#8220;4.16&#8243; text_font=&#8220;||||||||&#8220; ul_font=&#8220;||||||||&#8220; ul_line_height=&#8220;2em&#8220; header_font=&#8220;||||||||&#8220; header_5_font=&#8220;Raleway|700|||||||&#8220; header_5_font_size=&#8220;20px&#8220; header_5_line_height=&#8220;1.4em&#8220; custom_padding=&#8220;40px|40px|40px|40px|true|true&#8220; header_5_font_size_tablet=&#8220;35px&#8220; header_5_font_size_phone=&#8220;25px&#8220; header_5_font_size_last_edited=&#8220;on|phone&#8220; border_width_all=&#8220;2px&#8220; border_color_all=&#8220;#f5f5f5&#8243; global_colors_info=&#8220;{}&#8220;]<\/p>\n<h5>Fassadenschutz &amp; Impr\u00e4gnierung<\/h5>\n<ul>\n<li data-start=\"1233\" data-end=\"1273\" class=\"\">\n<p data-start=\"1235\" data-end=\"1273\" class=\"\">Reinigung und Sanierung von Fassaden<\/p>\n<\/li>\n<li data-start=\"1274\" data-end=\"1312\" class=\"\">\n<p data-start=\"1276\" data-end=\"1312\" class=\"\">Rissverschluss und Fugenerneuerung<\/p>\n<\/li>\n<li data-start=\"1313\" data-end=\"1352\" class=\"\">\n<p data-start=\"1315\" data-end=\"1352\" class=\"\">Hydrophobierung von Ziegel und Putz<\/p>\n<\/li>\n<li data-start=\"1353\" data-end=\"1396\" class=\"\">\n<p data-start=\"1355\" data-end=\"1396\" class=\"\">Schutz vor Witterung, Feuchte und Algen<\/p>\n<\/li>\n<li data-start=\"1397\" data-end=\"1434\" class=\"\">\n<p data-start=\"1399\" data-end=\"1434\" class=\"\">Erhalt historischer Fassadenoptik<\/p>\n<\/li>\n<\/ul>\n<p>[\/et_pb_text][\/et_pb_column][\/et_pb_row][et_pb_row column_structure=&#8220;1_2,1_2&#8243; _builder_version=&#8220;4.16&#8243; global_colors_info=&#8220;{}&#8220;][et_pb_column type=&#8220;1_2&#8243; _builder_version=&#8220;4.16&#8243; custom_padding=&#8220;|||&#8220; global_colors_info=&#8220;{}&#8220; custom_padding__hover=&#8220;|||&#8220;][et_pb_text _builder_version=&#8220;4.16&#8243; text_font=&#8220;||||||||&#8220; ul_font=&#8220;||||||||&#8220; ul_line_height=&#8220;2em&#8220; header_font=&#8220;||||||||&#8220; header_5_font=&#8220;Raleway|700|||||||&#8220; header_5_font_size=&#8220;20px&#8220; header_5_line_height=&#8220;1.4em&#8220; custom_padding=&#8220;40px|40px|40px|40px|true|true&#8220; header_5_font_size_tablet=&#8220;35px&#8220; header_5_font_size_phone=&#8220;25px&#8220; header_5_font_size_last_edited=&#8220;on|phone&#8220; border_width_all=&#8220;2px&#8220; border_color_all=&#8220;#f5f5f5&#8243; global_colors_info=&#8220;{}&#8220;]<\/p>\n<h5>Beschichtungen &amp; Schutzsysteme<\/h5>\n<ul>\n<li data-start=\"1478\" data-end=\"1524\" class=\"\">\n<p data-start=\"1480\" data-end=\"1524\" class=\"\">Schutzbeschichtungen f\u00fcr Mauerwerk &amp; Beton<\/p>\n<\/li>\n<li data-start=\"1525\" data-end=\"1569\" class=\"\">\n<p data-start=\"1527\" data-end=\"1569\" class=\"\">Versiegelungen mit 2K- oder Harzsystemen<\/p>\n<\/li>\n<li data-start=\"1570\" data-end=\"1599\" class=\"\">\n<p data-start=\"1572\" data-end=\"1599\" class=\"\">Witterungs- und UV-Schutz<\/p>\n<\/li>\n<li data-start=\"1600\" data-end=\"1640\" class=\"\">\n<p data-start=\"1602\" data-end=\"1640\" class=\"\">Chemikalienbest\u00e4ndige Beschichtungen<\/p>\n<\/li>\n<li data-start=\"1641\" data-end=\"1671\" class=\"\">\n<p data-start=\"1643\" data-end=\"1671\" class=\"\">Rutschhemmende Oberfl\u00e4chen<\/p>\n<\/li>\n<\/ul>\n<p>[\/et_pb_text][\/et_pb_column][et_pb_column type=&#8220;1_2&#8243; _builder_version=&#8220;4.16&#8243; custom_padding=&#8220;|||&#8220; global_colors_info=&#8220;{}&#8220; custom_padding__hover=&#8220;|||&#8220;][et_pb_text _builder_version=&#8220;4.16&#8243; text_font=&#8220;||||||||&#8220; ul_font=&#8220;||||||||&#8220; ul_line_height=&#8220;2em&#8220; header_font=&#8220;||||||||&#8220; header_5_font=&#8220;Raleway|700|||||||&#8220; header_5_font_size=&#8220;20px&#8220; header_5_line_height=&#8220;1.4em&#8220; custom_padding=&#8220;40px|40px|40px|40px|true|true&#8220; header_5_font_size_tablet=&#8220;35px&#8220; header_5_font_size_phone=&#8220;25px&#8220; header_5_font_size_last_edited=&#8220;on|phone&#8220; border_width_all=&#8220;2px&#8220; border_color_all=&#8220;#f5f5f5&#8243; global_colors_info=&#8220;{}&#8220;]<\/p>\n<h5>Mauerwerks- und Putzsanierung<\/h5>\n<ul>\n<li data-start=\"1714\" data-end=\"1757\" class=\"\">\n<p data-start=\"1716\" data-end=\"1757\" class=\"\">Abschlagen und Neuverputzen von Altputz<\/p>\n<\/li>\n<li data-start=\"1758\" data-end=\"1786\" class=\"\">\n<p data-start=\"1760\" data-end=\"1786\" class=\"\">Riss- und Fugensanierung<\/p>\n<\/li>\n<li data-start=\"1787\" data-end=\"1812\" class=\"\">\n<p data-start=\"1789\" data-end=\"1812\" class=\"\">Mauerwerkserg\u00e4nzungen<\/p>\n<\/li>\n<li data-start=\"1813\" data-end=\"1851\" class=\"\">\n<p data-start=\"1815\" data-end=\"1851\" class=\"\">Vorbereitung f\u00fcr Fassadensanierung<\/p>\n<\/li>\n<li data-start=\"1852\" data-end=\"1893\" class=\"\">\n<p data-start=\"1854\" data-end=\"1893\" class=\"\">Feuchtigkeitsbeseitigung am Mauerwerk<\/p>\n<\/li>\n<\/ul>\n<p>[\/et_pb_text][\/et_pb_column][\/et_pb_row][\/et_pb_section][et_pb_section fb_built=&#8220;1&#8243; admin_label=&#8220;Contact&#8220; _builder_version=&#8220;4.27.4&#8243; use_background_color_gradient=&#8220;on&#8220; background_color_gradient_stops=&#8220;rgba(106,125,140,0.5) 0%|#6a7d8c 100%&#8220; background_color_gradient_overlays_image=&#8220;on&#8220; background_color_gradient_start=&#8220;rgba(106,125,140,0.5)&#8220; background_color_gradient_end=&#8220;#6a7d8c&#8220; background_image=&#8220;https:\/\/aribautenschutz.de\/wp-content\/uploads\/2025\/05\/AdobeStock_453644127.webp&#8220; custom_padding=&#8220;8vw|0px|280px|0px|false|false&#8220; hover_enabled=&#8220;0&#8243; locked=&#8220;off&#8220; global_colors_info=&#8220;{}&#8220; title_text=&#8220;AdobeStock_453644127&#8243; sticky_enabled=&#8220;0&#8243;][et_pb_row _builder_version=&#8220;4.16&#8243; custom_margin=&#8220;|||&#8220; global_colors_info=&#8220;{}&#8220;][et_pb_column type=&#8220;4_4&#8243; _builder_version=&#8220;4.16&#8243; custom_padding=&#8220;|||&#8220; global_colors_info=&#8220;{}&#8220; custom_padding__hover=&#8220;|||&#8220;][et_pb_text _builder_version=&#8220;4.16&#8243; text_font=&#8220;||||||||&#8220; text_font_size=&#8220;16px&#8220; text_line_height=&#8220;2em&#8220; header_font=&#8220;||||||||&#8220; header_2_font=&#8220;Raleway|700|||||||&#8220; header_2_font_size=&#8220;50px&#8220; header_2_line_height=&#8220;1.2em&#8220; header_6_font=&#8220;Raleway|700||on|||||&#8220; header_6_font_size=&#8220;16px&#8220; header_6_letter_spacing=&#8220;5px&#8220; header_6_line_height=&#8220;1.8em&#8220; background_layout=&#8220;dark&#8220; max_width_tablet=&#8220;&#8220; max_width_phone=&#8220;&#8220; max_width_last_edited=&#8220;on|desktop&#8220; header_2_font_size_tablet=&#8220;35px&#8220; header_2_font_size_phone=&#8220;25px&#8220; header_2_font_size_last_edited=&#8220;on|phone&#8220; global_colors_info=&#8220;{}&#8220;]<\/p>\n<h6>Wir freuen uns auf Ihre Anfrage<\/h6>\n<h2>Kontakt aufnehmen<\/h2>\n<p>[\/et_pb_text][et_pb_button button_url=&#8220;https:\/\/aribautenschutz.de\/kontakt&#8220; button_text=&#8220;Kontakt aufnehmen&#8220; button_alignment=&#8220;center&#8220; _builder_version=&#8220;4.27.4&#8243; custom_button=&#8220;on&#8220; button_text_color=&#8220;#828c91&#8243; button_bg_color=&#8220;#ffffff&#8220; button_border_width=&#8220;10px&#8220; button_border_color=&#8220;rgba(0,0,0,0)&#8220; button_border_radius=&#8220;0px&#8220; button_font=&#8220;Raleway|700|||||||&#8220; button_border_radius_hover=&#8220;0px&#8220; locked=&#8220;off&#8220; global_colors_info=&#8220;{}&#8220; button_text_size__hover_enabled=&#8220;off&#8220; button_one_text_size__hover_enabled=&#8220;off&#8220; button_two_text_size__hover_enabled=&#8220;off&#8220; button_text_color__hover_enabled=&#8220;off&#8220; button_one_text_color__hover_enabled=&#8220;off&#8220; button_two_text_color__hover_enabled=&#8220;off&#8220; button_border_width__hover_enabled=&#8220;off&#8220; button_one_border_width__hover_enabled=&#8220;off&#8220; button_two_border_width__hover_enabled=&#8220;off&#8220; button_border_color__hover_enabled=&#8220;off&#8220; button_one_border_color__hover_enabled=&#8220;off&#8220; button_two_border_color__hover_enabled=&#8220;off&#8220; button_border_radius__hover_enabled=&#8220;on&#8220; button_border_radius__hover=&#8220;0px&#8220; button_one_border_radius__hover_enabled=&#8220;off&#8220; button_two_border_radius__hover_enabled=&#8220;off&#8220; button_letter_spacing__hover_enabled=&#8220;off&#8220; button_one_letter_spacing__hover_enabled=&#8220;off&#8220; button_two_letter_spacing__hover_enabled=&#8220;off&#8220; button_bg_color__hover_enabled=&#8220;off&#8220; button_one_bg_color__hover_enabled=&#8220;off&#8220; button_two_bg_color__hover_enabled=&#8220;off&#8220;][\/et_pb_button][\/et_pb_column][\/et_pb_row][\/et_pb_section][et_pb_section fb_built=&#8220;1&#8243; admin_label=&#8220;Contact Info&#8220; _builder_version=&#8220;4.16&#8243; background_color=&#8220;#ffffff&#8220; max_width=&#8220;90%&#8220; max_width_tablet=&#8220;&#8220; max_width_phone=&#8220;100%&#8220; max_width_last_edited=&#8220;on|phone&#8220; custom_margin=&#8220;-160px|||&#8220; border_color_all=&#8220;#ffffff&#8220; border_width_left=&#8220;10vw&#8220; global_module=&#8220;59&#8243; global_colors_info=&#8220;{}&#8220;][et_pb_row column_structure=&#8220;1_3,1_3,1_3&#8243; _builder_version=&#8220;4.16&#8243; custom_width_px=&#8220;800px&#8220; locked=&#8220;off&#8220; global_colors_info=&#8220;{}&#8220;][et_pb_column type=&#8220;1_3&#8243; _builder_version=&#8220;4.16&#8243; custom_padding=&#8220;|||&#8220; global_colors_info=&#8220;{}&#8220; custom_padding__hover=&#8220;|||&#8220;][et_pb_blurb title=&#8220;+49 176 68688304&#8243; use_icon=&#8220;on&#8220; font_icon=&#8220;&#xf879;||fa||900&#8243; icon_color=&#8220;#c3cfd6&#8243; icon_placement=&#8220;left&#8220; image_icon_width=&#8220;24px&#8220; _builder_version=&#8220;4.27.4&#8243; header_level=&#8220;h5&#8243; header_font=&#8220;Raleway|700|||||||&#8220; header_line_height=&#8220;1.4em&#8220; icon_font_size=&#8220;24px&#8220; global_colors_info=&#8220;{}&#8220;][\/et_pb_blurb][\/et_pb_column][et_pb_column type=&#8220;1_3&#8243; _builder_version=&#8220;4.16&#8243; custom_padding=&#8220;|||&#8220; global_colors_info=&#8220;{}&#8220; custom_padding__hover=&#8220;|||&#8220;][et_pb_blurb title=&#8220;Bachstra\u00dfe 3, 82291 Mammendorf&#8220; use_icon=&#8220;on&#8220; font_icon=&#8220;&#xe081;||divi||400&#8243; icon_color=&#8220;#c3cfd6&#8243; icon_placement=&#8220;left&#8220; image_icon_width=&#8220;24px&#8220; _builder_version=&#8220;4.27.4&#8243; header_level=&#8220;h5&#8243; header_font=&#8220;Raleway|700|||||||&#8220; header_line_height=&#8220;1.4em&#8220; icon_font_size=&#8220;24px&#8220; global_colors_info=&#8220;{}&#8220;][\/et_pb_blurb][\/et_pb_column][et_pb_column type=&#8220;1_3&#8243; _builder_version=&#8220;4.16&#8243; custom_padding=&#8220;|||&#8220; global_colors_info=&#8220;{}&#8220; custom_padding__hover=&#8220;|||&#8220;][et_pb_blurb title=&#8220;info@aribautenschutz.de&#8220; use_icon=&#8220;on&#8220; font_icon=&#8220;&#xe076;||divi||400&#8243; icon_color=&#8220;#c3cfd6&#8243; icon_placement=&#8220;left&#8220; image_icon_width=&#8220;24px&#8220; _builder_version=&#8220;4.27.4&#8243; header_level=&#8220;h5&#8243; header_font=&#8220;Raleway|700|||||||&#8220; header_line_height=&#8220;1.4em&#8220; icon_font_size=&#8220;24px&#8220; global_colors_info=&#8220;{}&#8220;][\/et_pb_blurb][\/et_pb_column][\/et_pb_row][\/et_pb_section]<\/p>\n","protected":false},"excerpt":{"rendered":"<p>wir sind f\u00fcr sie da Kontakt aufnehmenAlles, was wir f\u00fcr SIE TUN K\u00d6NNEN Unsere Leistungen im \u00dcberblickSanierung &amp; Instandhaltung Sanierung von Altbauten Instandhaltung von Geb\u00e4uden Instandsetzung von Bausch\u00e4den Substanzerhalt und Modernisierung Reparatur von Rissen, Putz und Mauerwerk Vorbereitung f\u00fcr energetische Sanierungen Abdichtungsarbeiten Kellerabdichtung innen und au\u00dfen Abdichtung von Bodenplatten Balkone und Terrassen abdichten Horizontalsperren gegen [&hellip;]<\/p>\n","protected":false},"author":1,"featured_media":0,"parent":0,"menu_order":0,"comment_status":"closed","ping_status":"closed","template":"","meta":{"_et_pb_use_builder":"on","_et_pb_old_content":"","_et_gb_content_width":"","footnotes":""},"class_list":["post-78","page","type-page","status-publish","hentry"],"aioseo_notices":[],"_links":{"self":[{"href":"https:\/\/aribautenschutz.de\/index.php\/wp-json\/wp\/v2\/pages\/78","targetHints":{"allow":["GET"]}}],"collection":[{"href":"https:\/\/aribautenschutz.de\/index.php\/wp-json\/wp\/v2\/pages"}],"about":[{"href":"https:\/\/aribautenschutz.de\/index.php\/wp-json\/wp\/v2\/types\/page"}],"author":[{"embeddable":true,"href":"https:\/\/aribautenschutz.de\/index.php\/wp-json\/wp\/v2\/users\/1"}],"replies":[{"embeddable":true,"href":"https:\/\/aribautenschutz.de\/index.php\/wp-json\/wp\/v2\/comments?post=78"}],"version-history":[{"count":4,"href":"https:\/\/aribautenschutz.de\/index.php\/wp-json\/wp\/v2\/pages\/78\/revisions"}],"predecessor-version":[{"id":110,"href":"https:\/\/aribautenschutz.de\/index.php\/wp-json\/wp\/v2\/pages\/78\/revisions\/110"}],"wp:attachment":[{"href":"https:\/\/aribautenschutz.de\/index.php\/wp-json\/wp\/v2\/media?parent=78"}],"curies":[{"name":"wp","href":"https:\/\/api.w.org\/{rel}","templated":true}]}}