{"id":119,"date":"2025-05-08T07:24:39","date_gmt":"2025-05-08T07:24:39","guid":{"rendered":"https:\/\/aribautenschutz.de\/?page_id=119"},"modified":"2025-05-08T07:25:52","modified_gmt":"2025-05-08T07:25:52","slug":"cookies","status":"publish","type":"page","link":"https:\/\/aribautenschutz.de\/index.php\/cookies\/","title":{"rendered":"Cookies"},"content":{"rendered":"<p>[et_pb_section fb_built=&#8220;1&#8243; admin_label=&#8220;Header&#8220; _builder_version=&#8220;4.27.4&#8243; use_background_color_gradient=&#8220;on&#8220; background_color_gradient_type=&#8220;circular&#8220; background_color_gradient_direction_radial=&#8220;top left&#8220; background_color_gradient_stops=&#8220;rgba(255,255,255,0.89) 30%|rgba(255,255,255,0) 80%&#8220; background_color_gradient_overlays_image=&#8220;on&#8220; background_color_gradient_start=&#8220;rgba(255,255,255,0.89)&#8220; background_color_gradient_start_position=&#8220;30%&#8220; background_color_gradient_end=&#8220;rgba(255,255,255,0)&#8220; background_color_gradient_end_position=&#8220;80%&#8220; background_image=&#8220;https:\/\/aribautenschutz.de\/wp-content\/uploads\/2025\/05\/AdobeStock_180307543.webp&#8220; custom_margin=&#8220;|||&#8220; custom_padding=&#8220;8vw|0px|35px|0px|false|false&#8220; locked=&#8220;off&#8220; global_colors_info=&#8220;{}&#8220;][et_pb_row _builder_version=&#8220;4.16&#8243; global_colors_info=&#8220;{}&#8220;][et_pb_column type=&#8220;4_4&#8243; _builder_version=&#8220;4.16&#8243; custom_padding=&#8220;|||&#8220; global_colors_info=&#8220;{}&#8220; custom_padding__hover=&#8220;|||&#8220;][et_pb_text _builder_version=&#8220;4.16&#8243; text_font=&#8220;||||||||&#8220; header_font=&#8220;Raleway|700|||||||&#8220; header_font_size=&#8220;80px&#8220; header_line_height=&#8220;1.2em&#8220; header_5_font=&#8220;Raleway|700||on|||||&#8220; header_5_text_color=&#8220;#000000&#8243; header_5_font_size=&#8220;20px&#8220; header_5_letter_spacing=&#8220;0.5em&#8220; header_5_line_height=&#8220;1.8em&#8220; animation_style=&#8220;zoom&#8220; animation_intensity_zoom=&#8220;5%&#8220; header_font_size_tablet=&#8220;48px&#8220; header_font_size_phone=&#8220;32px&#8220; header_font_size_last_edited=&#8220;on|phone&#8220; header_5_font_size_tablet=&#8220;14px&#8220; header_5_font_size_phone=&#8220;12px&#8220; header_5_font_size_last_edited=&#8220;on|desktop&#8220; global_colors_info=&#8220;{}&#8220;]<\/p>\n<h5>ari bautenschutz<\/h5>\n<h1>Cookies<\/h1>\n<p>[\/et_pb_text][\/et_pb_column][\/et_pb_row][\/et_pb_section][et_pb_section fb_built=&#8220;1&#8243; _builder_version=&#8220;4.27.4&#8243; _module_preset=&#8220;default&#8220; global_colors_info=&#8220;{}&#8220;][et_pb_row _builder_version=&#8220;4.27.4&#8243; _module_preset=&#8220;default&#8220; global_colors_info=&#8220;{}&#8220;][et_pb_column type=&#8220;4_4&#8243; _builder_version=&#8220;4.27.4&#8243; _module_preset=&#8220;default&#8220; global_colors_info=&#8220;{}&#8220;][et_pb_text _builder_version=&#8220;4.27.4&#8243; _module_preset=&#8220;default&#8220; global_colors_info=&#8220;{}&#8220;]<\/p>\n<h1 class=\"wp-block wp-block-post-title block-editor-block-list__block editor-post-title editor-post-title__input rich-text\" aria-label=\"Add title\" role=\"textbox\" aria-multiline=\"true\">Cookie-Richtlinie<\/h1>\n<p>Ari Bautenschutz setzt auf seinen Webseiten verschiedene<span>\u00a0<\/span><a href=\"https:\/\/de.wikipedia.org\/wiki\/HTTP-Cookie\">Cookies<\/a><span>\u00a0<\/span>ein. Cookies sind kleine Dateien mit Konfigurationsinformationen, die auf Ihrem Endger\u00e4t gespeichert werden. Cookies lassen sich grunds\u00e4tzlich in drei Kategorien unterteilen.<\/p>\n<p>&nbsp;<\/p>\n<ol>\n<li>F\u00fcr die Funktionalit\u00e4t der Webseite sind sog.\u00a0<strong>Funktionscookies\u00a0<\/strong>unerl\u00e4sslich. Die Verarbeitung der Funktionscookies ist notwendig, um Ihnen einen Besuch der Webseite zu erm\u00f6glichen (vgl. Art. 6 Abs. 1 lit. b DSGVO).<\/li>\n<li>Den Komfort eines Webseitenbesuchs erh\u00f6hen sog.\u00a0<strong>Komfortcookies<\/strong>, die z. B. Ihre Spracheinstellungen speichern. Die Rechtsgrundlage f\u00fcr die Komfortcookies ist ein berechtigtes Interesse (Art. 6 Abs. 1 lit. f DSGVO). Das berechtigte Interesse liegt in der Bereitstellung eines gewissen Komforts bei Ihren Besuchen auf der Webseite. Sie k\u00f6nnen der Datenverarbeitung jederzeit mit Wirkung f\u00fcr die Zukunft widersprechen. N\u00e4here Informationen dazu finden Sie in der\u00a0Datenschutzerkl\u00e4rung.<\/li>\n<li>Um ein pseudonymisiertes Nutzungsprofil zu erstellen werden sog.\u00a0<strong>Trackingcookies<\/strong>\u00a0verwendet. Trackingcookies werden nur gesetzt, wenn eine Einwilligung durch den Webseitenbesucher daf\u00fcr vorliegt (Art. 6 Abs. 1 lit. a DSGVO). Die Einwilligung wird \u00fcber den sog. Cookie-Banner abgegeben, der aktiv angeklickt werden muss.<br \/>Weitere Informationen zu den eingesetzten Trackingtools und wie Sie Ihre Einwilligung widerrufen k\u00f6nnen, finden Sie in der\u00a0Datenschutzerkl\u00e4rung.<\/li>\n<\/ol>\n<p>&nbsp;<\/p>\n<p><strong>Innerhalb der beschriebenen Kategorien werden verschiedene Cookie-Arten eingesetzt. Nachfolgend sind die gebr\u00e4uchlichsten Arten von Cookies zu Ihrem Verst\u00e4ndnis erkl\u00e4rt:<\/strong><\/p>\n<p>&nbsp;<\/p>\n<h2 id=\"1-sitzungs-cookies\">1. Sitzungs-Cookies<\/h2>\n<p>&nbsp;<\/p>\n<p>W\u00e4hrend Sie auf einer Webseite aktiv sind, wird tempor\u00e4r ein Sitzungs-Cookie im Speicher Ihres Computers abgelegt, in dem eine Sitzungskennung gespeichert wird, um z.B. bei jedem Seitenwechsel zu verhindern, dass Sie sich erneut anmelden m\u00fcssen. Sitzungs-Cookies werden bei der Abmeldung gel\u00f6scht oder verlieren ihre G\u00fcltigkeit, sobald ihre Sitzung automatisch abgelaufen ist.<\/p>\n<p>&nbsp;<\/p>\n<h3 id=\"2-permanente-oder-protokoll-cookies\">2. Permanente oder Protokoll-Cookies<\/h3>\n<p>&nbsp;<\/p>\n<p>Ein permanenter oder Protokoll-Cookie speichert eine Datei \u00fcber den im Ablaufdatum vorgesehenen Zeitraum auf Ihrem Computer. Durch diese Cookies erinnern sich Webseiten bei Ihrem n\u00e4chsten Besuch an Ihre Informationen und Einstellungen. Das f\u00fchrt zu einem schnelleren und bequemeren Zugriff, da Sie z.B. nicht erneut ihre Spracheinstellung f\u00fcr unser Portal vornehmen m\u00fcssen. Mit Verstreichen des Ablaufdatums wird der Cookie automatisch gel\u00f6scht, wenn Sie die Webseite besuchen, die diesen erzeugt hat.<\/p>\n<p>&nbsp;<\/p>\n<h3 id=\"3-drittanbieter-cookies\">3. Drittanbieter-Cookies<\/h3>\n<p>&nbsp;<\/p>\n<p>Drittanbieter-Cookies stammen von anderen Anbietern als dem Betreiber der Webseite. Sie k\u00f6nnen beispielsweise zum Sammeln von Informationen f\u00fcr Werbung, benutzerdefinierte Inhalte und Web-Statistiken verwendet werden.<\/p>\n<p>&nbsp;<\/p>\n<h3 id=\"4-flash-cookies\">4. Flash-Cookies<\/h3>\n<p>&nbsp;<\/p>\n<p class=\"has-small-font-size\">Flash-Cookies werden als Datenelemente von Webseiten auf Ihrem Computer gespeichert, wenn diese mit Adobe Flash betrieben werden. Flash-Cookies haben kein Zeitlimit.<\/p>\n<p>[\/et_pb_text][\/et_pb_column][\/et_pb_row][\/et_pb_section][et_pb_section fb_built=&#8220;1&#8243; admin_label=&#8220;Contact&#8220; _builder_version=&#8220;4.27.4&#8243; use_background_color_gradient=&#8220;on&#8220; background_color_gradient_stops=&#8220;rgba(106,125,140,0.5) 0%|#6a7d8c 100%&#8220; background_color_gradient_overlays_image=&#8220;on&#8220; background_color_gradient_start=&#8220;rgba(106,125,140,0.5)&#8220; background_color_gradient_end=&#8220;#6a7d8c&#8220; background_image=&#8220;https:\/\/aribautenschutz.de\/wp-content\/uploads\/2025\/05\/AdobeStock_453644127.webp&#8220; custom_padding=&#8220;8vw|0px|280px|0px|false|false&#8220; locked=&#8220;off&#8220; global_colors_info=&#8220;{}&#8220;][et_pb_row _builder_version=&#8220;4.16&#8243; custom_margin=&#8220;|||&#8220; global_colors_info=&#8220;{}&#8220;][et_pb_column type=&#8220;4_4&#8243; _builder_version=&#8220;4.16&#8243; custom_padding=&#8220;|||&#8220; global_colors_info=&#8220;{}&#8220; custom_padding__hover=&#8220;|||&#8220;][et_pb_text _builder_version=&#8220;4.16&#8243; text_font=&#8220;||||||||&#8220; text_font_size=&#8220;16px&#8220; text_line_height=&#8220;2em&#8220; header_font=&#8220;||||||||&#8220; header_2_font=&#8220;Raleway|700|||||||&#8220; header_2_font_size=&#8220;50px&#8220; header_2_line_height=&#8220;1.2em&#8220; header_6_font=&#8220;Raleway|700||on|||||&#8220; header_6_font_size=&#8220;16px&#8220; header_6_letter_spacing=&#8220;5px&#8220; header_6_line_height=&#8220;1.8em&#8220; background_layout=&#8220;dark&#8220; max_width_tablet=&#8220;&#8220; max_width_phone=&#8220;&#8220; max_width_last_edited=&#8220;on|desktop&#8220; header_2_font_size_tablet=&#8220;35px&#8220; header_2_font_size_phone=&#8220;25px&#8220; header_2_font_size_last_edited=&#8220;on|phone&#8220; global_colors_info=&#8220;{}&#8220;]<\/p>\n<h6>Wir freuen uns auf Ihre Anfrage<\/h6>\n<h2>Kontakt aufnehmen<\/h2>\n<p>[\/et_pb_text][et_pb_button button_url=&#8220;https:\/\/aribautenschutz.de\/kontakt&#8220; button_text=&#8220;Kontakt aufnehmen&#8220; button_alignment=&#8220;center&#8220; _builder_version=&#8220;4.27.4&#8243; custom_button=&#8220;on&#8220; button_text_color=&#8220;#828c91&#8243; button_bg_color=&#8220;#ffffff&#8220; button_border_width=&#8220;10px&#8220; button_border_color=&#8220;rgba(0,0,0,0)&#8220; button_border_radius=&#8220;0px&#8220; button_font=&#8220;Raleway|700|||||||&#8220; button_border_radius_hover=&#8220;0px&#8220; locked=&#8220;off&#8220; global_colors_info=&#8220;{}&#8220; button_text_size__hover_enabled=&#8220;off&#8220; button_one_text_size__hover_enabled=&#8220;off&#8220; button_two_text_size__hover_enabled=&#8220;off&#8220; button_text_color__hover_enabled=&#8220;off&#8220; button_one_text_color__hover_enabled=&#8220;off&#8220; button_two_text_color__hover_enabled=&#8220;off&#8220; button_border_width__hover_enabled=&#8220;off&#8220; button_one_border_width__hover_enabled=&#8220;off&#8220; button_two_border_width__hover_enabled=&#8220;off&#8220; button_border_color__hover_enabled=&#8220;off&#8220; button_one_border_color__hover_enabled=&#8220;off&#8220; button_two_border_color__hover_enabled=&#8220;off&#8220; button_border_radius__hover_enabled=&#8220;on&#8220; button_border_radius__hover=&#8220;0px&#8220; button_one_border_radius__hover_enabled=&#8220;off&#8220; button_two_border_radius__hover_enabled=&#8220;off&#8220; button_letter_spacing__hover_enabled=&#8220;off&#8220; button_one_letter_spacing__hover_enabled=&#8220;off&#8220; button_two_letter_spacing__hover_enabled=&#8220;off&#8220; button_bg_color__hover_enabled=&#8220;off&#8220; button_one_bg_color__hover_enabled=&#8220;off&#8220; button_two_bg_color__hover_enabled=&#8220;off&#8220;][\/et_pb_button][\/et_pb_column][\/et_pb_row][\/et_pb_section][et_pb_section fb_built=&#8220;1&#8243; admin_label=&#8220;Contact Info&#8220; _builder_version=&#8220;4.16&#8243; background_color=&#8220;#ffffff&#8220; max_width=&#8220;90%&#8220; max_width_tablet=&#8220;&#8220; max_width_phone=&#8220;100%&#8220; max_width_last_edited=&#8220;on|phone&#8220; custom_margin=&#8220;-160px|||&#8220; border_color_all=&#8220;#ffffff&#8220; border_width_left=&#8220;10vw&#8220; global_module=&#8220;59&#8243; global_colors_info=&#8220;{}&#8220;][et_pb_row column_structure=&#8220;1_3,1_3,1_3&#8243; _builder_version=&#8220;4.16&#8243; custom_width_px=&#8220;800px&#8220; locked=&#8220;off&#8220; global_colors_info=&#8220;{}&#8220;][et_pb_column type=&#8220;1_3&#8243; _builder_version=&#8220;4.16&#8243; custom_padding=&#8220;|||&#8220; global_colors_info=&#8220;{}&#8220; custom_padding__hover=&#8220;|||&#8220;][et_pb_blurb title=&#8220;+49 176 68688304&#8243; use_icon=&#8220;on&#8220; font_icon=&#8220;&#xf879;||fa||900&#8243; icon_color=&#8220;#c3cfd6&#8243; icon_placement=&#8220;left&#8220; image_icon_width=&#8220;24px&#8220; _builder_version=&#8220;4.27.4&#8243; header_level=&#8220;h5&#8243; header_font=&#8220;Raleway|700|||||||&#8220; header_line_height=&#8220;1.4em&#8220; icon_font_size=&#8220;24px&#8220; global_colors_info=&#8220;{}&#8220;][\/et_pb_blurb][\/et_pb_column][et_pb_column type=&#8220;1_3&#8243; _builder_version=&#8220;4.16&#8243; custom_padding=&#8220;|||&#8220; global_colors_info=&#8220;{}&#8220; custom_padding__hover=&#8220;|||&#8220;][et_pb_blurb title=&#8220;Bachstra\u00dfe 3, 82291 Mammendorf&#8220; use_icon=&#8220;on&#8220; font_icon=&#8220;&#xe081;||divi||400&#8243; icon_color=&#8220;#c3cfd6&#8243; icon_placement=&#8220;left&#8220; image_icon_width=&#8220;24px&#8220; _builder_version=&#8220;4.27.4&#8243; header_level=&#8220;h5&#8243; header_font=&#8220;Raleway|700|||||||&#8220; header_line_height=&#8220;1.4em&#8220; icon_font_size=&#8220;24px&#8220; global_colors_info=&#8220;{}&#8220;][\/et_pb_blurb][\/et_pb_column][et_pb_column type=&#8220;1_3&#8243; _builder_version=&#8220;4.16&#8243; custom_padding=&#8220;|||&#8220; global_colors_info=&#8220;{}&#8220; custom_padding__hover=&#8220;|||&#8220;][et_pb_blurb title=&#8220;info@aribautenschutz.de&#8220; use_icon=&#8220;on&#8220; font_icon=&#8220;&#xe076;||divi||400&#8243; icon_color=&#8220;#c3cfd6&#8243; icon_placement=&#8220;left&#8220; image_icon_width=&#8220;24px&#8220; _builder_version=&#8220;4.27.4&#8243; header_level=&#8220;h5&#8243; header_font=&#8220;Raleway|700|||||||&#8220; header_line_height=&#8220;1.4em&#8220; icon_font_size=&#8220;24px&#8220; global_colors_info=&#8220;{}&#8220;][\/et_pb_blurb][\/et_pb_column][\/et_pb_row][\/et_pb_section]<\/p>\n","protected":false},"excerpt":{"rendered":"<p>ari bautenschutz CookiesCookie-Richtlinie Ari Bautenschutz setzt auf seinen Webseiten verschiedene\u00a0Cookies\u00a0ein. Cookies sind kleine Dateien mit Konfigurationsinformationen, die auf Ihrem Endger\u00e4t gespeichert werden. Cookies lassen sich grunds\u00e4tzlich in drei Kategorien unterteilen. &nbsp; F\u00fcr die Funktionalit\u00e4t der Webseite sind sog.\u00a0Funktionscookies\u00a0unerl\u00e4sslich. Die Verarbeitung der Funktionscookies ist notwendig, um Ihnen einen Besuch der Webseite zu erm\u00f6glichen (vgl. Art. 6 [&hellip;]<\/p>\n","protected":false},"author":1,"featured_media":0,"parent":0,"menu_order":0,"comment_status":"closed","ping_status":"closed","template":"","meta":{"_et_pb_use_builder":"on","_et_pb_old_content":"","_et_gb_content_width":"","footnotes":""},"class_list":["post-119","page","type-page","status-publish","hentry"],"aioseo_notices":[],"_links":{"self":[{"href":"https:\/\/aribautenschutz.de\/index.php\/wp-json\/wp\/v2\/pages\/119","targetHints":{"allow":["GET"]}}],"collection":[{"href":"https:\/\/aribautenschutz.de\/index.php\/wp-json\/wp\/v2\/pages"}],"about":[{"href":"https:\/\/aribautenschutz.de\/index.php\/wp-json\/wp\/v2\/types\/page"}],"author":[{"embeddable":true,"href":"https:\/\/aribautenschutz.de\/index.php\/wp-json\/wp\/v2\/users\/1"}],"replies":[{"embeddable":true,"href":"https:\/\/aribautenschutz.de\/index.php\/wp-json\/wp\/v2\/comments?post=119"}],"version-history":[{"count":4,"href":"https:\/\/aribautenschutz.de\/index.php\/wp-json\/wp\/v2\/pages\/119\/revisions"}],"predecessor-version":[{"id":123,"href":"https:\/\/aribautenschutz.de\/index.php\/wp-json\/wp\/v2\/pages\/119\/revisions\/123"}],"wp:attachment":[{"href":"https:\/\/aribautenschutz.de\/index.php\/wp-json\/wp\/v2\/media?parent=119"}],"curies":[{"name":"wp","href":"https:\/\/api.w.org\/{rel}","templated":true}]}}